{"id":3544,"date":"2022-05-06T08:31:29","date_gmt":"2022-05-06T08:31:29","guid":{"rendered":"https:\/\/flatbreadmine.eu\/?page_id=3544"},"modified":"2022-05-06T08:46:34","modified_gmt":"2022-05-06T08:46:34","slug":"sign-up","status":"publish","type":"page","link":"https:\/\/flatbreadmine.eu\/fr\/sign-up\/","title":{"rendered":"S\u2019inscrire"},"content":{"rendered":"<div id='av_section_1'  class='avia-section main_color avia-section-default avia-no-border-styling  avia-bg-style-scroll  avia-builder-el-0  el_before_av_section  avia-builder-el-first   container_wrap sidebar_right' style=' '  ><div class='container' ><main  role=\"main\" itemprop=\"mainContentOfPage\"  class='template-page content  av-content-small alpha units'><div class='post-entry post-entry-type-page post-entry-3544'><div class='entry-content-wrapper clearfix'>\n<div class=\"flex_column av_one_fifth  flex_column_div av-zero-column-padding first  avia-builder-el-1  el_before_av_three_fifth  avia-builder-el-first\" style='border-radius:0px; '><\/div><div class=\"flex_column av_three_fifth  flex_column_div av-zero-column-padding   avia-builder-el-2  el_after_av_one_fifth  el_before_av_one_fifth\" style='border-radius:0px; '><\/div><div class=\"flex_column av_one_fifth  flex_column_div av-zero-column-padding   avia-builder-el-4  el_after_av_three_fifth  avia-builder-el-last\" style='border-radius:0px; '><\/div>\n\n<\/div><\/div><\/main><!-- close content main element --><\/div><\/div><div id='av_section_2'  class='avia-section main_color avia-section-default avia-no-border-styling  avia-bg-style-scroll  avia-builder-el-5  el_after_av_section  avia-builder-el-last   container_wrap sidebar_right' style='background-color: #6d6d6d;  '  ><div class='container' ><div class='template-page content  av-content-small alpha units'><div class='post-entry post-entry-type-page post-entry-3544'><div class='entry-content-wrapper clearfix'>\n<div class='flex_column_table av-equal-height-column-flextable -flextable' ><div class=\"flex_column av_one_fourth  flex_column_table_cell av-equal-height-column av-align-middle av-zero-column-padding first  avia-builder-el-6  el_before_av_one_fourth  avia-builder-el-first\" style='border-radius:0px; '><div  class='avia-image-container  av-styling-    avia-builder-el-7  avia-builder-el-no-sibling  avia-align-left'  itemprop=\"image\" itemscope=\"itemscope\" itemtype=\"https:\/\/schema.org\/ImageObject\"  ><div class='avia-image-container-inner'><div class='avia-image-overlay-wrap'><img decoding=\"async\" class='wp-image-3481 avia-img-lazy-loading-not-3481 avia_image' src=\"https:\/\/flatbreadmine.eu\/wp-content\/uploads\/2022\/04\/prima_logo_v2-1.png\" alt='' title='prima_logo_v2' height=\"140\" width=\"451\"  itemprop=\"thumbnailUrl\" srcset=\"https:\/\/flatbreadmine.eu\/wp-content\/uploads\/2022\/04\/prima_logo_v2-1.png 451w, https:\/\/flatbreadmine.eu\/wp-content\/uploads\/2022\/04\/prima_logo_v2-1-300x93.png 300w\" sizes=\"(max-width: 451px) 100vw, 451px\" \/><\/div><\/div><\/div><\/div><div class='av-flex-placeholder'><\/div><div class=\"flex_column av_one_fourth  flex_column_table_cell av-equal-height-column av-align-middle av-zero-column-padding   avia-builder-el-8  el_after_av_one_fourth  el_before_av_one_fifth\" style='border-radius:0px; '><\/div><div class='av-flex-placeholder'><\/div><div class=\"flex_column av_one_fifth  flex_column_table_cell av-equal-height-column av-align-middle av-zero-column-padding   avia-builder-el-9  el_after_av_one_fourth  el_before_av_one_fourth\" style='border-radius:0px; '><div  class='avia-image-container  av-styling-    avia-builder-el-10  avia-builder-el-no-sibling  avia-align-left'  itemprop=\"image\" itemscope=\"itemscope\" itemtype=\"https:\/\/schema.org\/ImageObject\"  ><div class='avia-image-container-inner'><div class='avia-image-overlay-wrap'><img decoding=\"async\" class='wp-image-3480 avia-img-lazy-loading-not-3480 avia_image' src=\"https:\/\/flatbreadmine.eu\/wp-content\/uploads\/2022\/04\/european_flag-1.jpg\" alt='' title='european_flag' height=\"140\" width=\"210\"  itemprop=\"thumbnailUrl\"  \/><\/div><\/div><\/div><\/div><div class='av-flex-placeholder'><\/div><div class=\"flex_column av_one_fourth  flex_column_table_cell av-equal-height-column av-align-middle av-zero-column-padding   avia-builder-el-11  el_after_av_one_fifth  el_before_av_one_half\" style='border-radius:0px; '><\/div><\/div><!--close column table wrapper. Autoclose: 1 --><div class='flex_column_table av-equal-height-column-flextable -flextable' ><div class=\"flex_column av_one_half  flex_column_table_cell av-equal-height-column av-align-middle av-zero-column-padding first  avia-builder-el-12  el_after_av_one_fourth  el_before_av_one_half  column-top-margin\" style='border-radius:0px; '><section class=\"av_textblock_section\"  itemscope=\"itemscope\" itemtype=\"https:\/\/schema.org\/CreativeWork\" ><div class='avia_textblock  av_inherit_color'  style='color:#ffffff; '  itemprop=\"text\" ><p style=\"text-align: justify;\">Le partenariat pour la recherche et l\u2019innovation dans la r\u00e9gion m\u00e9diterran\u00e9enne d\u00e9veloppe de nouvelles approches en recherche et innovation pour am\u00e9liorer la disponibilit\u00e9 de l\u2019eau et une production agricole durable dans une r\u00e9gion fortement touch\u00e9e par le changement climatique, l\u2019urbanisation et la croissance d\u00e9mographique.<\/p>\n<\/div><\/section><\/div><div class='av-flex-placeholder'><\/div><div class=\"flex_column av_one_half  flex_column_table_cell av-equal-height-column av-align-middle av-zero-column-padding   avia-builder-el-14  el_after_av_one_half  avia-builder-el-last  column-top-margin\" style='border-radius:0px; '><section class=\"av_textblock_section\"  itemscope=\"itemscope\" itemtype=\"https:\/\/schema.org\/CreativeWork\" ><div class='avia_textblock  av_inherit_color'  style='color:#ffffff; '  itemprop=\"text\" ><p style=\"text-align: justify;\">Le programme PRIMA est une initiative Art.185 soutenue et financ\u00e9e par Horizon 2020, le programme-cadre de recherche et d'innovation de l'Union europ\u00e9enne.<\/p>\n<\/div><\/section><\/div><\/div><!--close column table wrapper. Autoclose: 1 -->\n<\/div><\/div><\/div><!-- close content main div --><\/div><\/div><div id='after_section_2'  class='main_color av_default_container_wrap container_wrap sidebar_right' style=' '  ><div class='container' ><div class='template-page content  av-content-small alpha units'><div class='post-entry post-entry-type-page post-entry-3544'><div class='entry-content-wrapper clearfix'>","protected":false},"excerpt":{"rendered":"","protected":false},"author":1,"featured_media":0,"parent":0,"menu_order":0,"comment_status":"closed","ping_status":"closed","template":"","meta":{"_coblocks_attr":"","_coblocks_dimensions":"","_coblocks_responsive_height":"","_coblocks_accordion_ie_support":"","footnotes":""},"class_list":["post-3544","page","type-page","status-publish","hentry"],"_links":{"self":[{"href":"https:\/\/flatbreadmine.eu\/fr\/wp-json\/wp\/v2\/pages\/3544","targetHints":{"allow":["GET"]}}],"collection":[{"href":"https:\/\/flatbreadmine.eu\/fr\/wp-json\/wp\/v2\/pages"}],"about":[{"href":"https:\/\/flatbreadmine.eu\/fr\/wp-json\/wp\/v2\/types\/page"}],"author":[{"embeddable":true,"href":"https:\/\/flatbreadmine.eu\/fr\/wp-json\/wp\/v2\/users\/1"}],"replies":[{"embeddable":true,"href":"https:\/\/flatbreadmine.eu\/fr\/wp-json\/wp\/v2\/comments?post=3544"}],"version-history":[{"count":11,"href":"https:\/\/flatbreadmine.eu\/fr\/wp-json\/wp\/v2\/pages\/3544\/revisions"}],"predecessor-version":[{"id":3564,"href":"https:\/\/flatbreadmine.eu\/fr\/wp-json\/wp\/v2\/pages\/3544\/revisions\/3564"}],"wp:attachment":[{"href":"https:\/\/flatbreadmine.eu\/fr\/wp-json\/wp\/v2\/media?parent=3544"}],"curies":[{"name":"wp","href":"https:\/\/api.w.org\/{rel}","templated":true}]}}